{"id":131,"date":"2025-08-05T15:30:11","date_gmt":"2025-08-05T13:30:11","guid":{"rendered":"https:\/\/kiddyfab.com\/?page_id=131"},"modified":"2025-09-17T15:45:59","modified_gmt":"2025-09-17T13:45:59","slug":"decouvre-kiddyfab","status":"publish","type":"page","link":"https:\/\/kiddyfab.com\/","title":{"rendered":"Home"},"content":{"rendered":"\n<div class=\"gb-element-e49805f3\">\n<div>\n<figure class=\"wp-block-image size-full\"><a href=\"https:\/\/kiddyfab.com\/\"><img loading=\"lazy\" decoding=\"async\" width=\"161\" height=\"160\" src=\"https:\/\/kiddyfab.com\/wp-content\/uploads\/2025\/07\/Logo-KiddyFab-160.png\" alt=\"Logo KiddyFab\" class=\"wp-image-5\" srcset=\"https:\/\/kiddyfab.com\/wp-content\/uploads\/2025\/07\/Logo-KiddyFab-160.png 161w, https:\/\/kiddyfab.com\/wp-content\/uploads\/2025\/07\/Logo-KiddyFab-160-150x150.png 150w\" sizes=\"auto, (max-width: 161px) 100vw, 161px\" \/><\/a><\/figure>\n<\/div>\n\n\n\n<div>\n<a class=\"gb-text gb-text-0ba90ecc\" href=\"https:\/\/kiddyfab.com\/index.php\/decouvrir\/\">DECOUVRIR<\/a>\n<\/div>\n\n\n\n<div>\n<a class=\"gb-text gb-text-9b48f2c2\" href=\"https:\/\/kiddyfab.com\/index.php\/inscription\/\">INSCRIPTION<\/a>\n<\/div>\n\n\n\n<div>\n<a class=\"gb-text gb-text-a37e2c63\" href=\"tel:0952158652\">09 52 15 86 52<\/a>\n<\/div>\n<\/div>\n\n\n\n<div class=\"gb-element-ac167dc4\">\n<p class=\"gb-text gb-text-80eb76c4\">LE FAB LAB \u00c0 DOMICILE<\/p>\n\n\n\n<p class=\"gb-text gb-text-d7993603\">POUR LES KIDS !<\/p>\n<\/div>\n\n\n\n<p class=\"gb-text gb-text-27719359\">Imagine, cr\u00e9e\u2026 et repars avec ta propre invention !<\/p>\n\n\n\n<p class=\"gb-text gb-text-5b55e896\">Chaque semaine, en petit groupe et avec l\u2019aide d\u2019un super intervenant, tu d\u00e9couvriras des techniques de conception amusantes et innovantes. Ensemble, vous fabriquerez de vrais objets que tu pourras rapporter chez toi, et fi\u00e8rement montrer \u00e0 tout le monde ! Figurines, v\u00e9hicules, objets de d\u00e9co \u00e0 ton effigie\u2026 La seule limite sera ton imagination ! Avec le Fab Lab \u00e0 domicile, tes copains et toi deviendrez vite de v\u00e9ritable makers !<\/p>\n\n\n\n<div class=\"gb-element-303b05af\">\n<div class=\"gb-element-f25259c7\">\n<div>\n<h2 class=\"gb-text gb-text-8450c51e\">Les activit\u00e9s que tu vas pratiquer<\/h2>\n\n\n\n<div><div class=\"gb-looper-c02a9deb\">\n<div class=\"gb-loop-item post-1 post type-post status-publish format-standard hentry category-non-classe\">\n<div class=\"gb-element-3b0b28e4\">\n<figure class=\"wp-block-image size-full\"><img loading=\"lazy\" decoding=\"async\" width=\"450\" height=\"255\" src=\"https:\/\/kiddyfab.com\/wp-content\/uploads\/2025\/08\/Laura_CocoMelon-1.jpg\" alt=\"\" class=\"wp-image-152\" srcset=\"https:\/\/kiddyfab.com\/wp-content\/uploads\/2025\/08\/Laura_CocoMelon-1.jpg 450w, https:\/\/kiddyfab.com\/wp-content\/uploads\/2025\/08\/Laura_CocoMelon-1-300x170.jpg 300w\" sizes=\"auto, (max-width: 450px) 100vw, 450px\" \/><\/figure>\n\n\n\n<p class=\"gb-text gb-text-1b04c475\">Mod\u00e9lisation \/<\/p>\n\n\n\n<p class=\"gb-text gb-text-9022720a\">Impression 3D<\/p>\n\n\n\n<p class=\"gb-text gb-text-16cd03a2\">Sur ton ordinateur portable ou ta tablette, d\u00e9couvre comment cr\u00e9er un <strong>objet en 3 dimensions<\/strong>. A l\u2019aide de formes \u00e9l\u00e9mentaires et d\u2019op\u00e9rations simples, tu seras rapidement capable de <strong>mod\u00e9liser les objets que tu imagines<\/strong>. Et gr\u00e2ce \u00e0 l\u2019impression 3D, ces objets seront bient\u00f4t dans tes mains !<\/p>\n<\/div>\n<\/div>\n\n<div class=\"gb-loop-item post-1 post type-post status-publish format-standard hentry category-non-classe\">\n<div class=\"gb-element-ed1593d5\">\n<figure class=\"wp-block-image size-full\"><img loading=\"lazy\" decoding=\"async\" width=\"292\" height=\"163\" src=\"https:\/\/kiddyfab.com\/wp-content\/uploads\/2025\/08\/Yanis_PiperJ3-1.jpg\" alt=\"\" class=\"wp-image-156\"\/><\/figure>\n\n\n\n<p class=\"gb-text gb-text-54a15b3d\">Dessin vectoriel \/<\/p>\n\n\n\n<p class=\"gb-text gb-text-b6fea3f1\">D\u00e9coupe laser<\/p>\n\n\n\n<p class=\"gb-text gb-text-c86aa728\">Les dessins vectoriels permettent aux machines de r\u00e9aliser tes id\u00e9es. A l\u2019aide de la d\u00e9coupeuse laser, tu pourras <strong>r\u00e9aliser des objets en bois<\/strong> de grande qualit\u00e9. Et comme tu sais dor\u00e9navant mod\u00e9liser un objet en 3D, tu vas pouvoir combiner des pi\u00e8ces entre elles pour former de magnifiques constructions !<\/p>\n<\/div>\n<\/div>\n\n<div class=\"gb-loop-item post-1 post type-post status-publish format-standard hentry category-non-classe\">\n<div class=\"gb-element-f9310d68\">\n<figure class=\"wp-block-image size-full\"><img loading=\"lazy\" decoding=\"async\" width=\"288\" height=\"163\" src=\"https:\/\/kiddyfab.com\/wp-content\/uploads\/2025\/08\/Timothee_Robot.jpg\" alt=\"\" class=\"wp-image-153\"\/><\/figure>\n\n\n\n<p class=\"gb-text gb-text-b8833e44\">Programmation \/<\/p>\n\n\n\n<p class=\"gb-text gb-text-8892a9ac\">Robotique<\/p>\n\n\n\n<p class=\"gb-text gb-text-1d966c3b\">Tu sais maintenant r\u00e9aliser des objets : <strong>il ne reste plus qu\u2019\u00e0 les animer !<\/strong><br>Tu vas apprendre \u00e0 <strong>programmer un circuit \u00e9lectronique<\/strong>. Pas de code \u00e0 \u00e9crire : une id\u00e9e, un peu de r\u00e9flexion\u2026 et beaucoup d\u2019amusement ! Combin\u00e9 \u00e0 l\u2019impression 3D et \u00e0 la d\u00e9coupe laser, <strong>tu peux maintenant cr\u00e9er des objets mobiles !<\/strong><\/p>\n<\/div>\n<\/div>\n<\/div><\/div>\n<\/div>\n<\/div>\n<\/div>\n","protected":false},"excerpt":{"rendered":"<p>DECOUVRIR INSCRIPTION 09 52 15 86 52 LE FAB LAB \u00c0 DOMICILE POUR LES KIDS ! Imagine, cr\u00e9e\u2026 et repars avec ta propre invention ! Chaque semaine, en petit groupe et avec l\u2019aide d\u2019un super intervenant, tu d\u00e9couvriras des techniques de conception amusantes et innovantes. Ensemble, vous fabriquerez de vrais objets que tu pourras rapporter &#8230; <a title=\"Home\" class=\"read-more\" href=\"https:\/\/kiddyfab.com\/\" aria-label=\"Read more about Home\">Read more<\/a><\/p>\n","protected":false},"author":1,"featured_media":0,"parent":0,"menu_order":0,"comment_status":"closed","ping_status":"closed","template":"","meta":{"footnotes":""},"class_list":["post-131","page","type-page","status-publish"],"yoast_head":"<!-- This site is optimized with the Yoast SEO plugin v27.3 - https:\/\/yoast.com\/product\/yoast-seo-wordpress\/ -->\n<title>KiddyFab le Fab Lab \u00e0 domicile pour les kids ! - Home<\/title>\n<meta name=\"description\" content=\"Les ateliers KiddyFab permettent aux enfants de pratiquer l&#039;impression 3D et la robotique entre copains, un v\u00e9ritable Fab Lab \u00e0 domicile !\" \/>\n<meta name=\"robots\" content=\"index, follow, max-snippet:-1, max-image-preview:large, max-video-preview:-1\" \/>\n<link rel=\"canonical\" href=\"https:\/\/kiddyfab.com\/\" \/>\n<meta property=\"og:locale\" content=\"en_US\" \/>\n<meta property=\"og:type\" content=\"article\" \/>\n<meta property=\"og:title\" content=\"KiddyFab le Fab Lab \u00e0 domicile pour les kids ! - Home\" \/>\n<meta property=\"og:description\" content=\"Les ateliers KiddyFab permettent aux enfants de pratiquer l&#039;impression 3D et la robotique entre copains, un v\u00e9ritable Fab Lab \u00e0 domicile !\" \/>\n<meta property=\"og:url\" content=\"https:\/\/kiddyfab.com\/\" \/>\n<meta property=\"og:site_name\" content=\"KiddyFab\" \/>\n<meta property=\"article:publisher\" content=\"https:\/\/www.facebook.com\/profile.php?id=61578389677054\" \/>\n<meta property=\"article:modified_time\" content=\"2025-09-17T13:45:59+00:00\" \/>\n<meta property=\"og:image\" content=\"https:\/\/kiddyfab.com\/wp-content\/uploads\/2025\/07\/Logo-KiddyFab-160.png\" \/>\n\t<meta property=\"og:image:width\" content=\"161\" \/>\n\t<meta property=\"og:image:height\" content=\"160\" \/>\n\t<meta property=\"og:image:type\" content=\"image\/png\" \/>\n<meta name=\"twitter:card\" content=\"summary_large_image\" \/>\n<meta name=\"twitter:label1\" content=\"Est. reading time\" \/>\n\t<meta name=\"twitter:data1\" content=\"3 minutes\" \/>\n<script type=\"application\/ld+json\" class=\"yoast-schema-graph\">{\"@context\":\"https:\\\/\\\/schema.org\",\"@graph\":[{\"@type\":\"WebPage\",\"@id\":\"https:\\\/\\\/kiddyfab.com\\\/\",\"url\":\"https:\\\/\\\/kiddyfab.com\\\/\",\"name\":\"KiddyFab le Fab Lab \u00e0 domicile pour les kids ! - Home\",\"isPartOf\":{\"@id\":\"https:\\\/\\\/kiddyfab.com\\\/#website\"},\"primaryImageOfPage\":{\"@id\":\"https:\\\/\\\/kiddyfab.com\\\/#primaryimage\"},\"image\":{\"@id\":\"https:\\\/\\\/kiddyfab.com\\\/#primaryimage\"},\"thumbnailUrl\":\"https:\\\/\\\/kiddyfab.com\\\/wp-content\\\/uploads\\\/2025\\\/07\\\/Logo-KiddyFab-160.png\",\"datePublished\":\"2025-08-05T13:30:11+00:00\",\"dateModified\":\"2025-09-17T13:45:59+00:00\",\"description\":\"Les ateliers KiddyFab permettent aux enfants de pratiquer l'impression 3D et la robotique entre copains, un v\u00e9ritable Fab Lab \u00e0 domicile !\",\"breadcrumb\":{\"@id\":\"https:\\\/\\\/kiddyfab.com\\\/#breadcrumb\"},\"inLanguage\":\"en-US\",\"potentialAction\":[{\"@type\":\"ReadAction\",\"target\":[\"https:\\\/\\\/kiddyfab.com\\\/\"]}]},{\"@type\":\"ImageObject\",\"inLanguage\":\"en-US\",\"@id\":\"https:\\\/\\\/kiddyfab.com\\\/#primaryimage\",\"url\":\"https:\\\/\\\/kiddyfab.com\\\/wp-content\\\/uploads\\\/2025\\\/07\\\/Logo-KiddyFab-160.png\",\"contentUrl\":\"https:\\\/\\\/kiddyfab.com\\\/wp-content\\\/uploads\\\/2025\\\/07\\\/Logo-KiddyFab-160.png\",\"width\":161,\"height\":160,\"caption\":\"Logo KiddyFab\"},{\"@type\":\"BreadcrumbList\",\"@id\":\"https:\\\/\\\/kiddyfab.com\\\/#breadcrumb\",\"itemListElement\":[{\"@type\":\"ListItem\",\"position\":1,\"name\":\"Accueil\",\"item\":\"https:\\\/\\\/kiddyfab.com\\\/\"},{\"@type\":\"ListItem\",\"position\":2,\"name\":\"Home\"}]},{\"@type\":\"WebSite\",\"@id\":\"https:\\\/\\\/kiddyfab.com\\\/#website\",\"url\":\"https:\\\/\\\/kiddyfab.com\\\/\",\"name\":\"KiddyFab\",\"description\":\"Le Fab Lab \u00e0 domicile pour les kids !\",\"publisher\":{\"@id\":\"https:\\\/\\\/kiddyfab.com\\\/#organization\"},\"potentialAction\":[{\"@type\":\"SearchAction\",\"target\":{\"@type\":\"EntryPoint\",\"urlTemplate\":\"https:\\\/\\\/kiddyfab.com\\\/?s={search_term_string}\"},\"query-input\":{\"@type\":\"PropertyValueSpecification\",\"valueRequired\":true,\"valueName\":\"search_term_string\"}}],\"inLanguage\":\"en-US\"},{\"@type\":\"Organization\",\"@id\":\"https:\\\/\\\/kiddyfab.com\\\/#organization\",\"name\":\"KiddyFab\",\"url\":\"https:\\\/\\\/kiddyfab.com\\\/\",\"logo\":{\"@type\":\"ImageObject\",\"inLanguage\":\"en-US\",\"@id\":\"https:\\\/\\\/kiddyfab.com\\\/#\\\/schema\\\/logo\\\/image\\\/\",\"url\":\"https:\\\/\\\/kiddyfab.com\\\/wp-content\\\/uploads\\\/2025\\\/08\\\/Logo-KiddyFab-451.png\",\"contentUrl\":\"https:\\\/\\\/kiddyfab.com\\\/wp-content\\\/uploads\\\/2025\\\/08\\\/Logo-KiddyFab-451.png\",\"width\":451,\"height\":449,\"caption\":\"KiddyFab\"},\"image\":{\"@id\":\"https:\\\/\\\/kiddyfab.com\\\/#\\\/schema\\\/logo\\\/image\\\/\"},\"sameAs\":[\"https:\\\/\\\/www.facebook.com\\\/profile.php?id=61578389677054\"]}]}<\/script>\n<!-- \/ Yoast SEO plugin. -->","yoast_head_json":{"title":"KiddyFab le Fab Lab \u00e0 domicile pour les kids ! - Home","description":"Les ateliers KiddyFab permettent aux enfants de pratiquer l'impression 3D et la robotique entre copains, un v\u00e9ritable Fab Lab \u00e0 domicile !","robots":{"index":"index","follow":"follow","max-snippet":"max-snippet:-1","max-image-preview":"max-image-preview:large","max-video-preview":"max-video-preview:-1"},"canonical":"https:\/\/kiddyfab.com\/","og_locale":"en_US","og_type":"article","og_title":"KiddyFab le Fab Lab \u00e0 domicile pour les kids ! - Home","og_description":"Les ateliers KiddyFab permettent aux enfants de pratiquer l'impression 3D et la robotique entre copains, un v\u00e9ritable Fab Lab \u00e0 domicile !","og_url":"https:\/\/kiddyfab.com\/","og_site_name":"KiddyFab","article_publisher":"https:\/\/www.facebook.com\/profile.php?id=61578389677054","article_modified_time":"2025-09-17T13:45:59+00:00","og_image":[{"width":161,"height":160,"url":"https:\/\/kiddyfab.com\/wp-content\/uploads\/2025\/07\/Logo-KiddyFab-160.png","type":"image\/png"}],"twitter_card":"summary_large_image","twitter_misc":{"Est. reading time":"3 minutes"},"schema":{"@context":"https:\/\/schema.org","@graph":[{"@type":"WebPage","@id":"https:\/\/kiddyfab.com\/","url":"https:\/\/kiddyfab.com\/","name":"KiddyFab le Fab Lab \u00e0 domicile pour les kids ! - Home","isPartOf":{"@id":"https:\/\/kiddyfab.com\/#website"},"primaryImageOfPage":{"@id":"https:\/\/kiddyfab.com\/#primaryimage"},"image":{"@id":"https:\/\/kiddyfab.com\/#primaryimage"},"thumbnailUrl":"https:\/\/kiddyfab.com\/wp-content\/uploads\/2025\/07\/Logo-KiddyFab-160.png","datePublished":"2025-08-05T13:30:11+00:00","dateModified":"2025-09-17T13:45:59+00:00","description":"Les ateliers KiddyFab permettent aux enfants de pratiquer l'impression 3D et la robotique entre copains, un v\u00e9ritable Fab Lab \u00e0 domicile !","breadcrumb":{"@id":"https:\/\/kiddyfab.com\/#breadcrumb"},"inLanguage":"en-US","potentialAction":[{"@type":"ReadAction","target":["https:\/\/kiddyfab.com\/"]}]},{"@type":"ImageObject","inLanguage":"en-US","@id":"https:\/\/kiddyfab.com\/#primaryimage","url":"https:\/\/kiddyfab.com\/wp-content\/uploads\/2025\/07\/Logo-KiddyFab-160.png","contentUrl":"https:\/\/kiddyfab.com\/wp-content\/uploads\/2025\/07\/Logo-KiddyFab-160.png","width":161,"height":160,"caption":"Logo KiddyFab"},{"@type":"BreadcrumbList","@id":"https:\/\/kiddyfab.com\/#breadcrumb","itemListElement":[{"@type":"ListItem","position":1,"name":"Accueil","item":"https:\/\/kiddyfab.com\/"},{"@type":"ListItem","position":2,"name":"Home"}]},{"@type":"WebSite","@id":"https:\/\/kiddyfab.com\/#website","url":"https:\/\/kiddyfab.com\/","name":"KiddyFab","description":"Le Fab Lab \u00e0 domicile pour les kids !","publisher":{"@id":"https:\/\/kiddyfab.com\/#organization"},"potentialAction":[{"@type":"SearchAction","target":{"@type":"EntryPoint","urlTemplate":"https:\/\/kiddyfab.com\/?s={search_term_string}"},"query-input":{"@type":"PropertyValueSpecification","valueRequired":true,"valueName":"search_term_string"}}],"inLanguage":"en-US"},{"@type":"Organization","@id":"https:\/\/kiddyfab.com\/#organization","name":"KiddyFab","url":"https:\/\/kiddyfab.com\/","logo":{"@type":"ImageObject","inLanguage":"en-US","@id":"https:\/\/kiddyfab.com\/#\/schema\/logo\/image\/","url":"https:\/\/kiddyfab.com\/wp-content\/uploads\/2025\/08\/Logo-KiddyFab-451.png","contentUrl":"https:\/\/kiddyfab.com\/wp-content\/uploads\/2025\/08\/Logo-KiddyFab-451.png","width":451,"height":449,"caption":"KiddyFab"},"image":{"@id":"https:\/\/kiddyfab.com\/#\/schema\/logo\/image\/"},"sameAs":["https:\/\/www.facebook.com\/profile.php?id=61578389677054"]}]}},"_links":{"self":[{"href":"https:\/\/kiddyfab.com\/index.php\/wp-json\/wp\/v2\/pages\/131","targetHints":{"allow":["GET"]}}],"collection":[{"href":"https:\/\/kiddyfab.com\/index.php\/wp-json\/wp\/v2\/pages"}],"about":[{"href":"https:\/\/kiddyfab.com\/index.php\/wp-json\/wp\/v2\/types\/page"}],"author":[{"embeddable":true,"href":"https:\/\/kiddyfab.com\/index.php\/wp-json\/wp\/v2\/users\/1"}],"replies":[{"embeddable":true,"href":"https:\/\/kiddyfab.com\/index.php\/wp-json\/wp\/v2\/comments?post=131"}],"version-history":[{"count":25,"href":"https:\/\/kiddyfab.com\/index.php\/wp-json\/wp\/v2\/pages\/131\/revisions"}],"predecessor-version":[{"id":302,"href":"https:\/\/kiddyfab.com\/index.php\/wp-json\/wp\/v2\/pages\/131\/revisions\/302"}],"wp:attachment":[{"href":"https:\/\/kiddyfab.com\/index.php\/wp-json\/wp\/v2\/media?parent=131"}],"curies":[{"name":"wp","href":"https:\/\/api.w.org\/{rel}","templated":true}]}}