{"id":171,"date":"2025-08-22T18:28:25","date_gmt":"2025-08-22T16:28:25","guid":{"rendered":"https:\/\/kiddyfab.com\/?page_id=171"},"modified":"2025-10-17T11:03:57","modified_gmt":"2025-10-17T09:03:57","slug":"decouvrir","status":"publish","type":"page","link":"https:\/\/kiddyfab.com\/index.php\/decouvrir\/","title":{"rendered":"D\u00e9couvrir"},"content":{"rendered":"\n<div class=\"gb-element-e49805f3\">\n<div>\n<figure class=\"wp-block-image size-full\"><a href=\"https:\/\/kiddyfab.com\/\"><img loading=\"lazy\" decoding=\"async\" width=\"161\" height=\"160\" src=\"https:\/\/kiddyfab.com\/wp-content\/uploads\/2025\/07\/Logo-KiddyFab-160.png\" alt=\"Logo KiddyFab\" class=\"wp-image-5\" srcset=\"https:\/\/kiddyfab.com\/wp-content\/uploads\/2025\/07\/Logo-KiddyFab-160.png 161w, https:\/\/kiddyfab.com\/wp-content\/uploads\/2025\/07\/Logo-KiddyFab-160-150x150.png 150w\" sizes=\"auto, (max-width: 161px) 100vw, 161px\" \/><\/a><\/figure>\n<\/div>\n\n\n\n<div>\n<a class=\"gb-text gb-text-0ba90ecc\" href=\"https:\/\/kiddyfab.com\/index.php\/decouvrir\/\">DECOUVRIR<\/a>\n<\/div>\n\n\n\n<div>\n<a class=\"gb-text gb-text-9b48f2c2\" href=\"https:\/\/kiddyfab.com\/index.php\/inscription\/\">INSCRIPTION<\/a>\n<\/div>\n\n\n\n<div>\n<a class=\"gb-text gb-text-a37e2c63\" href=\"tel:0952158652\">09 52 15 86 52<\/a>\n<\/div>\n<\/div>\n\n\n\n<div class=\"gb-element-2eb473e3\">\n<div class=\"gb-element-67bd76ca\">\n<div class=\"gb-element-ef385965\">\n<h2 class=\"gb-text gb-text-f8ab6fa2\">\ud83d\udee0\ufe0f Qu\u2019est-ce qu\u2019un Fab Lab ?<\/h2>\n\n\n\n<p class=\"gb-text gb-text-91289774\">\u00c0 l\u2019origine, le<a href=\"https:\/\/fr.wikipedia.org\/wiki\/Fab_lab\"> <strong>Fab Lab<\/strong><\/a> (abr\u00e9viation de <em>Fabrication Laboratory<\/em>) est un concept n\u00e9 au MIT (Massachusetts Institute of Technology) \u00e0 la fin des ann\u00e9es 1990. L\u2019id\u00e9e \u00e9tait simple mais r\u00e9volutionnaire : permettre \u00e0 tout un chacun \u2014 \u00e9tudiants, bricoleurs, artistes, entrepreneurs ou simples curieux \u2014 de concevoir et fabriquer \u00e0 peu pr\u00e8s n\u2019importe quoi, gr\u00e2ce \u00e0 des outils num\u00e9riques de pointe. Ces \u201claboratoires de fabrication\u201d ont essaim\u00e9 un peu partout dans le monde, favorisant la cr\u00e9ativit\u00e9, l\u2019innovation locale et l\u2019apprentissage par la pratique.<\/p>\n<\/div>\n\n\n\n<div>\n<img loading=\"lazy\" decoding=\"async\" width=\"214\" height=\"251\" class=\"gb-media-852965dc\" src=\"https:\/\/kiddyfab.com\/wp-content\/uploads\/2025\/08\/FabLab-classique.jpg\" title=\"FabLab classique\" alt=\"\"\/>\n<\/div>\n<\/div>\n<\/div>\n\n\n\n<p class=\"gb-text gb-text-86aa17f5\">Toutefois, un Fab Lab comporte de nombreuses machines (<strong>imprimantes 3D<\/strong>, <strong>d\u00e9coupeuses laser<\/strong>, <strong>fraiseuses num\u00e9riques) <\/strong>qu\u2019il faut apprendre \u00e0 maitriser en s\u00e9curit\u00e9, et les r\u00e9alisation sont fr\u00e9quemment <strong>tr\u00e8s longues <\/strong>(l\u2019impression 3D d\u2019un objet de taille moyenne prend plusieurs heures) : c\u2019est l\u00e0 que nous intervenons.<\/p>\n\n\n\n<h2 class=\"gb-text gb-text-fe881fd1\">\ud83e\udd16 KiddyFab : le Fab Lab dans votre salon !<\/h2>\n\n\n\n<p class=\"gb-text gb-text-d9903fb1\">Chez KiddyFab, nous avons adapt\u00e9 le concept de Fab Lab \u00e0 domicile, et \u00e0 hauteur d\u2019enfant !<\/p>\n\n\n\n<h3 class=\"gb-text gb-text-996c2675\">1. Atelier de conception<\/h3>\n\n\n\n<div class=\"gb-element-74aff390\">\n<div class=\"gb-element-4622b595\">\n<div>\n<img loading=\"lazy\" decoding=\"async\" width=\"2048\" height=\"681\" class=\"gb-media-8415a561\" src=\"https:\/\/kiddyfab.com\/wp-content\/uploads\/2025\/08\/KiddyFab_Etape1-1.jpg\" title=\"KiddyFab_Etape1\" alt=\"\" srcset=\"https:\/\/kiddyfab.com\/wp-content\/uploads\/2025\/08\/KiddyFab_Etape1-1.jpg 2048w, https:\/\/kiddyfab.com\/wp-content\/uploads\/2025\/08\/KiddyFab_Etape1-1-300x100.jpg 300w, https:\/\/kiddyfab.com\/wp-content\/uploads\/2025\/08\/KiddyFab_Etape1-1-1024x341.jpg 1024w, https:\/\/kiddyfab.com\/wp-content\/uploads\/2025\/08\/KiddyFab_Etape1-1-768x255.jpg 768w, https:\/\/kiddyfab.com\/wp-content\/uploads\/2025\/08\/KiddyFab_Etape1-1-1536x511.jpg 1536w\" sizes=\"auto, (max-width: 2048px) 100vw, 2048px\" \/>\n<\/div>\n\n\n\n<div>\n<p class=\"gb-text gb-text-27979102\">Chaque semaine, votre enfant rejoint un petit groupe (2 \u00e0 6 enfants), accompagn\u00e9 par un intervenant passionn\u00e9.<br>Votre enfant n\u2019a besoin que d\u2019un laptop ou d\u2019une tablette.<\/p>\n<\/div>\n<\/div>\n<\/div>\n\n\n\n<p class=\"gb-text gb-text-59df770f\">Tous ensemble, ils con\u00e7oivent des objets en 3D. Le cursus alterne ateliers guid\u00e9s et s\u00e9ances de cr\u00e9ation libre.<\/p>\n\n\n\n<h3 class=\"gb-text gb-text-b99b2dea\">2. R\u00e9alisation des objets par l\u2019intervenant<\/h3>\n\n\n\n<div class=\"gb-element-0ec5449b\">\n<div class=\"gb-element-a9010496\">\n<div>\n<img loading=\"lazy\" decoding=\"async\" width=\"2048\" height=\"663\" class=\"gb-media-9c428fc3\" src=\"https:\/\/kiddyfab.com\/wp-content\/uploads\/2025\/08\/KiddyFab_Etape2-1.jpg\" title=\"KiddyFab_Etape2\" alt=\"\" srcset=\"https:\/\/kiddyfab.com\/wp-content\/uploads\/2025\/08\/KiddyFab_Etape2-1.jpg 2048w, https:\/\/kiddyfab.com\/wp-content\/uploads\/2025\/08\/KiddyFab_Etape2-1-300x97.jpg 300w, https:\/\/kiddyfab.com\/wp-content\/uploads\/2025\/08\/KiddyFab_Etape2-1-1024x332.jpg 1024w, https:\/\/kiddyfab.com\/wp-content\/uploads\/2025\/08\/KiddyFab_Etape2-1-768x249.jpg 768w, https:\/\/kiddyfab.com\/wp-content\/uploads\/2025\/08\/KiddyFab_Etape2-1-1536x497.jpg 1536w\" sizes=\"auto, (max-width: 2048px) 100vw, 2048px\" \/>\n<\/div>\n\n\n\n<div>\n<p class=\"gb-text gb-text-55b48b2f\">A la fin de chaque cycle, l\u2019intervenant fait r\u00e9aliser les objets que les enfants ont con\u00e7u lors des ateliers pr\u00e9c\u00e9dents<\/p>\n<\/div>\n<\/div>\n<\/div>\n\n\n\n<p><\/p>\n\n\n\n<h3 class=\"gb-text gb-text-52da2aae\">3. Les enfants re\u00e7oivent les objets qu\u2019ils ont cr\u00e9\u00e9 !<\/h3>\n\n\n\n<div class=\"gb-element-3f1844f2\">\n<div class=\"gb-element-cb4ff746\">\n<div>\n<img loading=\"lazy\" decoding=\"async\" width=\"2048\" height=\"686\" class=\"gb-media-f186a6f7\" src=\"https:\/\/kiddyfab.com\/wp-content\/uploads\/2025\/08\/KiddyFab_Etape3-1-e1754487097150.jpg\" title=\"KiddyFab_Etape3\" alt=\"\" srcset=\"https:\/\/kiddyfab.com\/wp-content\/uploads\/2025\/08\/KiddyFab_Etape3-1-e1754487097150.jpg 2048w, https:\/\/kiddyfab.com\/wp-content\/uploads\/2025\/08\/KiddyFab_Etape3-1-e1754487097150-300x100.jpg 300w, https:\/\/kiddyfab.com\/wp-content\/uploads\/2025\/08\/KiddyFab_Etape3-1-e1754487097150-1024x343.jpg 1024w, https:\/\/kiddyfab.com\/wp-content\/uploads\/2025\/08\/KiddyFab_Etape3-1-e1754487097150-768x257.jpg 768w, https:\/\/kiddyfab.com\/wp-content\/uploads\/2025\/08\/KiddyFab_Etape3-1-e1754487097150-1536x515.jpg 1536w\" sizes=\"auto, (max-width: 2048px) 100vw, 2048px\" \/>\n<\/div>\n\n\n\n<div>\n<p class=\"gb-text gb-text-17bb4a02\">Les enfants re\u00e7oivent les objets lors de la s\u00e9ance suivante<\/p>\n<\/div>\n<\/div>\n<\/div>\n\n\n\n<p class=\"gb-text gb-text-02e35a11\">KiddyFab n\u2019est donc pas un cours magistral : c&#8217;est un v\u00e9ritable fab lab \u00e0 domicile o\u00f9 on explore, on manipule, on construit, on comprend. Votre enfant d\u00e9veloppe sa cr\u00e9ativit\u00e9, son autonomie, son sens du travail en \u00e9quipe et sa logique. Ces comp\u00e9tences sont pr\u00e9cieuses aujourd\u2019hui&#8230; et indispensables demain.<\/p>\n\n\n\n<p><\/p>\n\n\n\n<h2 class=\"gb-text gb-text-f16c57e6\">\ud83d\udc69\u200d\ud83d\ude80 Votre enfant devient un \u00ab&nbsp;maker&nbsp;\u00bb !<\/h2>\n\n\n\n<p class=\"gb-text gb-text-594bca00\">Car au-del\u00e0 du fun, <strong>c\u2019est tout un bouquet de comp\u00e9tences d\u2019avenir<\/strong> que votre enfant d\u00e9veloppe au fil des ateliers :<\/p>\n\n\n\n<div class=\"gb-element-dee584aa\">\n<div class=\"gb-element-bf2d2605\">\n<ul class=\"wp-block-list\">\n<li style=\"font-size:1.2rem\"><strong>Cr\u00e9ativit\u00e9 et design<\/strong>, gr\u00e2ce \u00e0 la mod\u00e9lisation 3D<\/li>\n\n\n\n<li style=\"font-size:1.2rem\"><strong>Compr\u00e9hension des objets techniques<\/strong>, avec la construction de m\u00e9canismes imprim\u00e9s en 3D<\/li>\n\n\n\n<li style=\"font-size:1.2rem\"><strong>Pens\u00e9e logique et algorithmique<\/strong>, avec l\u2019initiation \u00e0 la programmation<\/li>\n\n\n\n<li style=\"font-size:1.2rem\"><strong>M\u00e9thode agile<\/strong>, avec des cycles de planification (\u00ab&nbsp;comment pourrait-on faire pour\u2026&nbsp;\u00bb) et d\u2019it\u00e9rations (\u00ab&nbsp;quelle am\u00e9lioration pourrions-nous apporter ?&nbsp;\u00bb)<\/li>\n\n\n\n<li style=\"font-size:1.2rem\"><strong>Esprit d\u2019\u00e9quipe et autonomie<\/strong>, dans un cadre bienveillant et ludique.<\/li>\n<\/ul>\n<\/div>\n\n\n\n<div>\n<img loading=\"lazy\" decoding=\"async\" width=\"1024\" height=\"1024\" class=\"gb-media-7265a324\" src=\"https:\/\/kiddyfab.com\/wp-content\/uploads\/2025\/08\/Auguste-et-son-dino-imprime-en-3D-1.jpg\" title=\"Auguste et son dino imprim\u00e9 en 3D\" alt=\"\" srcset=\"https:\/\/kiddyfab.com\/wp-content\/uploads\/2025\/08\/Auguste-et-son-dino-imprime-en-3D-1.jpg 1024w, https:\/\/kiddyfab.com\/wp-content\/uploads\/2025\/08\/Auguste-et-son-dino-imprime-en-3D-1-300x300.jpg 300w, https:\/\/kiddyfab.com\/wp-content\/uploads\/2025\/08\/Auguste-et-son-dino-imprime-en-3D-1-150x150.jpg 150w, https:\/\/kiddyfab.com\/wp-content\/uploads\/2025\/08\/Auguste-et-son-dino-imprime-en-3D-1-768x768.jpg 768w\" sizes=\"auto, (max-width: 1024px) 100vw, 1024px\" \/>\n<\/div>\n<\/div>\n\n\n\n<p class=\"gb-text gb-text-d4629c17\">Autant de savoir-faire qui seront utiles demain, quel que soit le chemin professionnel suivi. Car \u00eatre un \u201cmaker\u201d, ce n\u2019est pas seulement manier une imprimante 3D, c\u2019est apprendre \u00e0 <strong>r\u00e9soudre des probl\u00e8mes, \u00e0 oser cr\u00e9er, et \u00e0 comprendre le monde qui nous entoure<\/strong>.<\/p>\n","protected":false},"excerpt":{"rendered":"<p>DECOUVRIR INSCRIPTION 09 52 15 86 52 \ud83d\udee0\ufe0f Qu\u2019est-ce qu\u2019un Fab Lab ? \u00c0 l\u2019origine, le Fab Lab (abr\u00e9viation de Fabrication Laboratory) est un concept n\u00e9 au MIT (Massachusetts Institute of Technology) \u00e0 la fin des ann\u00e9es 1990. L\u2019id\u00e9e \u00e9tait simple mais r\u00e9volutionnaire : permettre \u00e0 tout un chacun \u2014 \u00e9tudiants, bricoleurs, artistes, entrepreneurs ou &#8230; <a title=\"D\u00e9couvrir\" class=\"read-more\" href=\"https:\/\/kiddyfab.com\/index.php\/decouvrir\/\" aria-label=\"Read more about D\u00e9couvrir\">Read more<\/a><\/p>\n","protected":false},"author":1,"featured_media":0,"parent":0,"menu_order":0,"comment_status":"closed","ping_status":"closed","template":"","meta":{"footnotes":""},"class_list":["post-171","page","type-page","status-publish"],"yoast_head":"<!-- This site is optimized with the Yoast SEO plugin v27.3 - https:\/\/yoast.com\/product\/yoast-seo-wordpress\/ -->\n<title>D\u00e9couvrir - KiddyFab , le Fab Lab \u00e0 domicile pour les enfants<\/title>\n<meta name=\"description\" content=\"Avec KiddyFab, le Fab Lab s&#039;invite dans votre salon chaque semaine pour le plus grand bonheur de vos enfants.\" \/>\n<meta name=\"robots\" content=\"index, follow, max-snippet:-1, max-image-preview:large, max-video-preview:-1\" \/>\n<link rel=\"canonical\" href=\"https:\/\/kiddyfab.com\/index.php\/decouvrir\/\" \/>\n<meta property=\"og:locale\" content=\"en_US\" \/>\n<meta property=\"og:type\" content=\"article\" \/>\n<meta property=\"og:title\" content=\"D\u00e9couvrir - KiddyFab , le Fab Lab \u00e0 domicile pour les enfants\" \/>\n<meta property=\"og:description\" content=\"Avec KiddyFab, le Fab Lab s&#039;invite dans votre salon chaque semaine pour le plus grand bonheur de vos enfants.\" \/>\n<meta property=\"og:url\" content=\"https:\/\/kiddyfab.com\/index.php\/decouvrir\/\" \/>\n<meta property=\"og:site_name\" content=\"KiddyFab\" \/>\n<meta property=\"article:publisher\" content=\"https:\/\/www.facebook.com\/profile.php?id=61578389677054\" \/>\n<meta property=\"article:modified_time\" content=\"2025-10-17T09:03:57+00:00\" \/>\n<meta property=\"og:image\" content=\"https:\/\/kiddyfab.com\/wp-content\/uploads\/2025\/07\/Logo-KiddyFab-160.png\" \/>\n\t<meta property=\"og:image:width\" content=\"161\" \/>\n\t<meta property=\"og:image:height\" content=\"160\" \/>\n\t<meta property=\"og:image:type\" content=\"image\/png\" \/>\n<meta name=\"twitter:card\" content=\"summary_large_image\" \/>\n<meta name=\"twitter:label1\" content=\"Est. reading time\" \/>\n\t<meta name=\"twitter:data1\" content=\"4 minutes\" \/>\n<script type=\"application\/ld+json\" class=\"yoast-schema-graph\">{\"@context\":\"https:\\\/\\\/schema.org\",\"@graph\":[{\"@type\":\"WebPage\",\"@id\":\"https:\\\/\\\/kiddyfab.com\\\/index.php\\\/decouvrir\\\/\",\"url\":\"https:\\\/\\\/kiddyfab.com\\\/index.php\\\/decouvrir\\\/\",\"name\":\"D\u00e9couvrir - KiddyFab , le Fab Lab \u00e0 domicile pour les enfants\",\"isPartOf\":{\"@id\":\"https:\\\/\\\/kiddyfab.com\\\/#website\"},\"primaryImageOfPage\":{\"@id\":\"https:\\\/\\\/kiddyfab.com\\\/index.php\\\/decouvrir\\\/#primaryimage\"},\"image\":{\"@id\":\"https:\\\/\\\/kiddyfab.com\\\/index.php\\\/decouvrir\\\/#primaryimage\"},\"thumbnailUrl\":\"https:\\\/\\\/kiddyfab.com\\\/wp-content\\\/uploads\\\/2025\\\/07\\\/Logo-KiddyFab-160.png\",\"datePublished\":\"2025-08-22T16:28:25+00:00\",\"dateModified\":\"2025-10-17T09:03:57+00:00\",\"description\":\"Avec KiddyFab, le Fab Lab s'invite dans votre salon chaque semaine pour le plus grand bonheur de vos enfants.\",\"breadcrumb\":{\"@id\":\"https:\\\/\\\/kiddyfab.com\\\/index.php\\\/decouvrir\\\/#breadcrumb\"},\"inLanguage\":\"en-US\",\"potentialAction\":[{\"@type\":\"ReadAction\",\"target\":[\"https:\\\/\\\/kiddyfab.com\\\/index.php\\\/decouvrir\\\/\"]}]},{\"@type\":\"ImageObject\",\"inLanguage\":\"en-US\",\"@id\":\"https:\\\/\\\/kiddyfab.com\\\/index.php\\\/decouvrir\\\/#primaryimage\",\"url\":\"https:\\\/\\\/kiddyfab.com\\\/wp-content\\\/uploads\\\/2025\\\/07\\\/Logo-KiddyFab-160.png\",\"contentUrl\":\"https:\\\/\\\/kiddyfab.com\\\/wp-content\\\/uploads\\\/2025\\\/07\\\/Logo-KiddyFab-160.png\",\"width\":161,\"height\":160,\"caption\":\"Logo KiddyFab\"},{\"@type\":\"BreadcrumbList\",\"@id\":\"https:\\\/\\\/kiddyfab.com\\\/index.php\\\/decouvrir\\\/#breadcrumb\",\"itemListElement\":[{\"@type\":\"ListItem\",\"position\":1,\"name\":\"Accueil\",\"item\":\"https:\\\/\\\/kiddyfab.com\\\/\"},{\"@type\":\"ListItem\",\"position\":2,\"name\":\"D\u00e9couvrir\"}]},{\"@type\":\"WebSite\",\"@id\":\"https:\\\/\\\/kiddyfab.com\\\/#website\",\"url\":\"https:\\\/\\\/kiddyfab.com\\\/\",\"name\":\"KiddyFab\",\"description\":\"Le Fab Lab \u00e0 domicile pour les kids !\",\"publisher\":{\"@id\":\"https:\\\/\\\/kiddyfab.com\\\/#organization\"},\"potentialAction\":[{\"@type\":\"SearchAction\",\"target\":{\"@type\":\"EntryPoint\",\"urlTemplate\":\"https:\\\/\\\/kiddyfab.com\\\/?s={search_term_string}\"},\"query-input\":{\"@type\":\"PropertyValueSpecification\",\"valueRequired\":true,\"valueName\":\"search_term_string\"}}],\"inLanguage\":\"en-US\"},{\"@type\":\"Organization\",\"@id\":\"https:\\\/\\\/kiddyfab.com\\\/#organization\",\"name\":\"KiddyFab\",\"url\":\"https:\\\/\\\/kiddyfab.com\\\/\",\"logo\":{\"@type\":\"ImageObject\",\"inLanguage\":\"en-US\",\"@id\":\"https:\\\/\\\/kiddyfab.com\\\/#\\\/schema\\\/logo\\\/image\\\/\",\"url\":\"https:\\\/\\\/kiddyfab.com\\\/wp-content\\\/uploads\\\/2025\\\/08\\\/Logo-KiddyFab-451.png\",\"contentUrl\":\"https:\\\/\\\/kiddyfab.com\\\/wp-content\\\/uploads\\\/2025\\\/08\\\/Logo-KiddyFab-451.png\",\"width\":451,\"height\":449,\"caption\":\"KiddyFab\"},\"image\":{\"@id\":\"https:\\\/\\\/kiddyfab.com\\\/#\\\/schema\\\/logo\\\/image\\\/\"},\"sameAs\":[\"https:\\\/\\\/www.facebook.com\\\/profile.php?id=61578389677054\"]}]}<\/script>\n<!-- \/ Yoast SEO plugin. -->","yoast_head_json":{"title":"D\u00e9couvrir - KiddyFab , le Fab Lab \u00e0 domicile pour les enfants","description":"Avec KiddyFab, le Fab Lab s'invite dans votre salon chaque semaine pour le plus grand bonheur de vos enfants.","robots":{"index":"index","follow":"follow","max-snippet":"max-snippet:-1","max-image-preview":"max-image-preview:large","max-video-preview":"max-video-preview:-1"},"canonical":"https:\/\/kiddyfab.com\/index.php\/decouvrir\/","og_locale":"en_US","og_type":"article","og_title":"D\u00e9couvrir - KiddyFab , le Fab Lab \u00e0 domicile pour les enfants","og_description":"Avec KiddyFab, le Fab Lab s'invite dans votre salon chaque semaine pour le plus grand bonheur de vos enfants.","og_url":"https:\/\/kiddyfab.com\/index.php\/decouvrir\/","og_site_name":"KiddyFab","article_publisher":"https:\/\/www.facebook.com\/profile.php?id=61578389677054","article_modified_time":"2025-10-17T09:03:57+00:00","og_image":[{"width":161,"height":160,"url":"https:\/\/kiddyfab.com\/wp-content\/uploads\/2025\/07\/Logo-KiddyFab-160.png","type":"image\/png"}],"twitter_card":"summary_large_image","twitter_misc":{"Est. reading time":"4 minutes"},"schema":{"@context":"https:\/\/schema.org","@graph":[{"@type":"WebPage","@id":"https:\/\/kiddyfab.com\/index.php\/decouvrir\/","url":"https:\/\/kiddyfab.com\/index.php\/decouvrir\/","name":"D\u00e9couvrir - KiddyFab , le Fab Lab \u00e0 domicile pour les enfants","isPartOf":{"@id":"https:\/\/kiddyfab.com\/#website"},"primaryImageOfPage":{"@id":"https:\/\/kiddyfab.com\/index.php\/decouvrir\/#primaryimage"},"image":{"@id":"https:\/\/kiddyfab.com\/index.php\/decouvrir\/#primaryimage"},"thumbnailUrl":"https:\/\/kiddyfab.com\/wp-content\/uploads\/2025\/07\/Logo-KiddyFab-160.png","datePublished":"2025-08-22T16:28:25+00:00","dateModified":"2025-10-17T09:03:57+00:00","description":"Avec KiddyFab, le Fab Lab s'invite dans votre salon chaque semaine pour le plus grand bonheur de vos enfants.","breadcrumb":{"@id":"https:\/\/kiddyfab.com\/index.php\/decouvrir\/#breadcrumb"},"inLanguage":"en-US","potentialAction":[{"@type":"ReadAction","target":["https:\/\/kiddyfab.com\/index.php\/decouvrir\/"]}]},{"@type":"ImageObject","inLanguage":"en-US","@id":"https:\/\/kiddyfab.com\/index.php\/decouvrir\/#primaryimage","url":"https:\/\/kiddyfab.com\/wp-content\/uploads\/2025\/07\/Logo-KiddyFab-160.png","contentUrl":"https:\/\/kiddyfab.com\/wp-content\/uploads\/2025\/07\/Logo-KiddyFab-160.png","width":161,"height":160,"caption":"Logo KiddyFab"},{"@type":"BreadcrumbList","@id":"https:\/\/kiddyfab.com\/index.php\/decouvrir\/#breadcrumb","itemListElement":[{"@type":"ListItem","position":1,"name":"Accueil","item":"https:\/\/kiddyfab.com\/"},{"@type":"ListItem","position":2,"name":"D\u00e9couvrir"}]},{"@type":"WebSite","@id":"https:\/\/kiddyfab.com\/#website","url":"https:\/\/kiddyfab.com\/","name":"KiddyFab","description":"Le Fab Lab \u00e0 domicile pour les kids !","publisher":{"@id":"https:\/\/kiddyfab.com\/#organization"},"potentialAction":[{"@type":"SearchAction","target":{"@type":"EntryPoint","urlTemplate":"https:\/\/kiddyfab.com\/?s={search_term_string}"},"query-input":{"@type":"PropertyValueSpecification","valueRequired":true,"valueName":"search_term_string"}}],"inLanguage":"en-US"},{"@type":"Organization","@id":"https:\/\/kiddyfab.com\/#organization","name":"KiddyFab","url":"https:\/\/kiddyfab.com\/","logo":{"@type":"ImageObject","inLanguage":"en-US","@id":"https:\/\/kiddyfab.com\/#\/schema\/logo\/image\/","url":"https:\/\/kiddyfab.com\/wp-content\/uploads\/2025\/08\/Logo-KiddyFab-451.png","contentUrl":"https:\/\/kiddyfab.com\/wp-content\/uploads\/2025\/08\/Logo-KiddyFab-451.png","width":451,"height":449,"caption":"KiddyFab"},"image":{"@id":"https:\/\/kiddyfab.com\/#\/schema\/logo\/image\/"},"sameAs":["https:\/\/www.facebook.com\/profile.php?id=61578389677054"]}]}},"_links":{"self":[{"href":"https:\/\/kiddyfab.com\/index.php\/wp-json\/wp\/v2\/pages\/171","targetHints":{"allow":["GET"]}}],"collection":[{"href":"https:\/\/kiddyfab.com\/index.php\/wp-json\/wp\/v2\/pages"}],"about":[{"href":"https:\/\/kiddyfab.com\/index.php\/wp-json\/wp\/v2\/types\/page"}],"author":[{"embeddable":true,"href":"https:\/\/kiddyfab.com\/index.php\/wp-json\/wp\/v2\/users\/1"}],"replies":[{"embeddable":true,"href":"https:\/\/kiddyfab.com\/index.php\/wp-json\/wp\/v2\/comments?post=171"}],"version-history":[{"count":14,"href":"https:\/\/kiddyfab.com\/index.php\/wp-json\/wp\/v2\/pages\/171\/revisions"}],"predecessor-version":[{"id":310,"href":"https:\/\/kiddyfab.com\/index.php\/wp-json\/wp\/v2\/pages\/171\/revisions\/310"}],"wp:attachment":[{"href":"https:\/\/kiddyfab.com\/index.php\/wp-json\/wp\/v2\/media?parent=171"}],"curies":[{"name":"wp","href":"https:\/\/api.w.org\/{rel}","templated":true}]}}