{"id":196,"date":"2025-08-22T18:32:02","date_gmt":"2025-08-22T16:32:02","guid":{"rendered":"https:\/\/kiddyfab.com\/?page_id=196"},"modified":"2025-08-24T12:48:06","modified_gmt":"2025-08-24T10:48:06","slug":"notice-de-traitement-des-donnees-personnelles","status":"publish","type":"page","link":"https:\/\/kiddyfab.com\/index.php\/notice-de-traitement-des-donnees-personnelles\/","title":{"rendered":"Notice de traitement des donn\u00e9es personnelles"},"content":{"rendered":"\n<div class=\"gb-element-e49805f3\">\n<div>\n<figure class=\"wp-block-image size-full\"><a href=\"https:\/\/kiddyfab.com\/\"><img loading=\"lazy\" decoding=\"async\" width=\"161\" height=\"160\" src=\"https:\/\/kiddyfab.com\/wp-content\/uploads\/2025\/07\/Logo-KiddyFab-160.png\" alt=\"Logo KiddyFab\" class=\"wp-image-5\" srcset=\"https:\/\/kiddyfab.com\/wp-content\/uploads\/2025\/07\/Logo-KiddyFab-160.png 161w, https:\/\/kiddyfab.com\/wp-content\/uploads\/2025\/07\/Logo-KiddyFab-160-150x150.png 150w\" sizes=\"auto, (max-width: 161px) 100vw, 161px\" \/><\/a><\/figure>\n<\/div>\n\n\n\n<div>\n<a class=\"gb-text gb-text-0ba90ecc\" href=\"https:\/\/kiddyfab.com\/index.php\/decouvrir\/\">DECOUVRIR<\/a>\n<\/div>\n\n\n\n<div>\n<a class=\"gb-text gb-text-9b48f2c2\" href=\"https:\/\/kiddyfab.com\/index.php\/inscription\/\">INSCRIPTION<\/a>\n<\/div>\n\n\n\n<div>\n<a class=\"gb-text gb-text-a37e2c63\" href=\"tel:0952158652\">09 52 15 86 52<\/a>\n<\/div>\n<\/div>\n\n\n\n<h2 class=\"wp-block-heading\">Notice de traitement des donn\u00e9es personnelles<\/h2>\n\n\n\n<p class=\"gb-text gb-text-5941877a\">En validant votre inscription, vous acceptez que <strong>KiddyFab<\/strong> collecte et traite les informations personnelles suivantes : nom, pr\u00e9nom, coordonn\u00e9es, informations li\u00e9es \u00e0 l\u2019enfant (pr\u00e9nom, \u00e2ge) ainsi que vos pr\u00e9f\u00e9rences de contact.<\/p>\n\n\n\n<h3 class=\"gb-text\"><strong>Finalit\u00e9s du traitement<\/strong><\/h3>\n\n\n\n<p class=\"gb-text gb-text-183204fd\">Ces donn\u00e9es sont utilis\u00e9es exclusivement pour :<br>\u2022la gestion des inscriptions et des cours,<br>\u2022la communication avec les familles (organisation, informations pratiques, suivi p\u00e9dagogique),<br>\u2022la facturation et la gestion administrative.<\/p>\n\n\n\n<h3 class=\"gb-text\"><strong>Base l\u00e9gale<\/strong><\/h3>\n\n\n\n<p class=\"gb-text gb-text-4528db18\">Le traitement repose sur votre <strong>consentement<\/strong> et sur l\u2019<strong>ex\u00e9cution du contrat de prestation<\/strong>.<\/p>\n\n\n\n<h3 class=\"gb-text\"><strong>Destinataires des donn\u00e9es<\/strong><\/h3>\n\n\n\n<p class=\"gb-text gb-text-81e2e2f7\">Vos donn\u00e9es ne seront en aucun cas transmises \u00e0 des tiers \u00e0 des fins commerciales. Elles sont accessibles uniquement aux responsables p\u00e9dagogiques et administratifs de KiddyFab.<\/p>\n\n\n\n<h3 class=\"gb-text\"><strong>Dur\u00e9e de conservation<\/strong><\/h3>\n\n\n\n<p class=\"gb-text gb-text-ca450789\">Les donn\u00e9es sont conserv\u00e9es pendant la dur\u00e9e de l\u2019inscription de votre enfant, puis archiv\u00e9es pendant 3 ans \u00e0 des fins administratives et l\u00e9gales.<\/p>\n\n\n\n<h3 class=\"gb-text\"><strong>Vos droits<\/strong><\/h3>\n\n\n\n<p class=\"gb-text gb-text-9fbd75bd\">Conform\u00e9ment au RGPD, vous disposez des droits suivants :<br>\u2022droit d\u2019acc\u00e8s, de rectification et d\u2019effacement de vos donn\u00e9es,<br>\u2022droit \u00e0 la limitation et \u00e0 l\u2019opposition au traitement,<br>\u2022droit au retrait du consentement \u00e0 tout moment,<br>\u2022droit d\u2019introduire une r\u00e9clamation aupr\u00e8s de la CNIL.<\/p>\n\n\n\n<h3 class=\"gb-text\"><strong>Contact<\/strong><\/h3>\n\n\n\n<p class=\"gb-text gb-text-9c2af400\">Pour toute question ou pour exercer vos droits, vous pouvez \u00e9crire \u00e0 :<br>\ud83d\udce7 <strong><a href=\"mailto:info@kiddyfab.com\">info@kiddyfab.com<\/a><\/strong><\/p>\n","protected":false},"excerpt":{"rendered":"<p>DECOUVRIR INSCRIPTION 09 52 15 86 52 Notice de traitement des donn\u00e9es personnelles En validant votre inscription, vous acceptez que KiddyFab collecte et traite les informations personnelles suivantes : nom, pr\u00e9nom, coordonn\u00e9es, informations li\u00e9es \u00e0 l\u2019enfant (pr\u00e9nom, \u00e2ge) ainsi que vos pr\u00e9f\u00e9rences de contact. Finalit\u00e9s du traitement Ces donn\u00e9es sont utilis\u00e9es exclusivement pour :\u2022la gestion &#8230; <a title=\"Notice de traitement des donn\u00e9es personnelles\" class=\"read-more\" href=\"https:\/\/kiddyfab.com\/index.php\/notice-de-traitement-des-donnees-personnelles\/\" aria-label=\"Read more about Notice de traitement des donn\u00e9es personnelles\">Read more<\/a><\/p>\n","protected":false},"author":1,"featured_media":0,"parent":0,"menu_order":0,"comment_status":"closed","ping_status":"closed","template":"","meta":{"footnotes":""},"class_list":["post-196","page","type-page","status-publish"],"yoast_head":"<!-- This site is optimized with the Yoast SEO plugin v27.3 - https:\/\/yoast.com\/product\/yoast-seo-wordpress\/ -->\n<title>Notice de traitement des donn\u00e9es personnelles - KiddyFab<\/title>\n<meta name=\"robots\" content=\"index, follow, max-snippet:-1, max-image-preview:large, max-video-preview:-1\" \/>\n<link rel=\"canonical\" href=\"https:\/\/kiddyfab.com\/index.php\/notice-de-traitement-des-donnees-personnelles\/\" \/>\n<meta property=\"og:locale\" content=\"en_US\" \/>\n<meta property=\"og:type\" content=\"article\" \/>\n<meta property=\"og:title\" content=\"Notice de traitement des donn\u00e9es personnelles - KiddyFab\" \/>\n<meta property=\"og:description\" content=\"DECOUVRIR INSCRIPTION 09 52 15 86 52 Notice de traitement des donn\u00e9es personnelles En validant votre inscription, vous acceptez que KiddyFab collecte et traite les informations personnelles suivantes : nom, pr\u00e9nom, coordonn\u00e9es, informations li\u00e9es \u00e0 l\u2019enfant (pr\u00e9nom, \u00e2ge) ainsi que vos pr\u00e9f\u00e9rences de contact. Finalit\u00e9s du traitement Ces donn\u00e9es sont utilis\u00e9es exclusivement pour :\u2022la gestion ... Read more\" \/>\n<meta property=\"og:url\" content=\"https:\/\/kiddyfab.com\/index.php\/notice-de-traitement-des-donnees-personnelles\/\" \/>\n<meta property=\"og:site_name\" content=\"KiddyFab\" \/>\n<meta property=\"article:publisher\" content=\"https:\/\/www.facebook.com\/profile.php?id=61578389677054\" \/>\n<meta property=\"article:modified_time\" content=\"2025-08-24T10:48:06+00:00\" \/>\n<meta property=\"og:image\" content=\"https:\/\/kiddyfab.com\/wp-content\/uploads\/2025\/07\/Logo-KiddyFab-160.png\" \/>\n\t<meta property=\"og:image:width\" content=\"161\" \/>\n\t<meta property=\"og:image:height\" content=\"160\" \/>\n\t<meta property=\"og:image:type\" content=\"image\/png\" \/>\n<meta name=\"twitter:card\" content=\"summary_large_image\" \/>\n<meta name=\"twitter:label1\" content=\"Est. reading time\" \/>\n\t<meta name=\"twitter:data1\" content=\"1 minute\" \/>\n<script type=\"application\/ld+json\" class=\"yoast-schema-graph\">{\"@context\":\"https:\\\/\\\/schema.org\",\"@graph\":[{\"@type\":\"WebPage\",\"@id\":\"https:\\\/\\\/kiddyfab.com\\\/index.php\\\/notice-de-traitement-des-donnees-personnelles\\\/\",\"url\":\"https:\\\/\\\/kiddyfab.com\\\/index.php\\\/notice-de-traitement-des-donnees-personnelles\\\/\",\"name\":\"Notice de traitement des donn\u00e9es personnelles - KiddyFab\",\"isPartOf\":{\"@id\":\"https:\\\/\\\/kiddyfab.com\\\/#website\"},\"primaryImageOfPage\":{\"@id\":\"https:\\\/\\\/kiddyfab.com\\\/index.php\\\/notice-de-traitement-des-donnees-personnelles\\\/#primaryimage\"},\"image\":{\"@id\":\"https:\\\/\\\/kiddyfab.com\\\/index.php\\\/notice-de-traitement-des-donnees-personnelles\\\/#primaryimage\"},\"thumbnailUrl\":\"https:\\\/\\\/kiddyfab.com\\\/wp-content\\\/uploads\\\/2025\\\/07\\\/Logo-KiddyFab-160.png\",\"datePublished\":\"2025-08-22T16:32:02+00:00\",\"dateModified\":\"2025-08-24T10:48:06+00:00\",\"breadcrumb\":{\"@id\":\"https:\\\/\\\/kiddyfab.com\\\/index.php\\\/notice-de-traitement-des-donnees-personnelles\\\/#breadcrumb\"},\"inLanguage\":\"en-US\",\"potentialAction\":[{\"@type\":\"ReadAction\",\"target\":[\"https:\\\/\\\/kiddyfab.com\\\/index.php\\\/notice-de-traitement-des-donnees-personnelles\\\/\"]}]},{\"@type\":\"ImageObject\",\"inLanguage\":\"en-US\",\"@id\":\"https:\\\/\\\/kiddyfab.com\\\/index.php\\\/notice-de-traitement-des-donnees-personnelles\\\/#primaryimage\",\"url\":\"https:\\\/\\\/kiddyfab.com\\\/wp-content\\\/uploads\\\/2025\\\/07\\\/Logo-KiddyFab-160.png\",\"contentUrl\":\"https:\\\/\\\/kiddyfab.com\\\/wp-content\\\/uploads\\\/2025\\\/07\\\/Logo-KiddyFab-160.png\",\"width\":161,\"height\":160,\"caption\":\"Logo KiddyFab\"},{\"@type\":\"BreadcrumbList\",\"@id\":\"https:\\\/\\\/kiddyfab.com\\\/index.php\\\/notice-de-traitement-des-donnees-personnelles\\\/#breadcrumb\",\"itemListElement\":[{\"@type\":\"ListItem\",\"position\":1,\"name\":\"Accueil\",\"item\":\"https:\\\/\\\/kiddyfab.com\\\/\"},{\"@type\":\"ListItem\",\"position\":2,\"name\":\"Notice de traitement des donn\u00e9es personnelles\"}]},{\"@type\":\"WebSite\",\"@id\":\"https:\\\/\\\/kiddyfab.com\\\/#website\",\"url\":\"https:\\\/\\\/kiddyfab.com\\\/\",\"name\":\"KiddyFab\",\"description\":\"Le Fab Lab \u00e0 domicile pour les kids !\",\"publisher\":{\"@id\":\"https:\\\/\\\/kiddyfab.com\\\/#organization\"},\"potentialAction\":[{\"@type\":\"SearchAction\",\"target\":{\"@type\":\"EntryPoint\",\"urlTemplate\":\"https:\\\/\\\/kiddyfab.com\\\/?s={search_term_string}\"},\"query-input\":{\"@type\":\"PropertyValueSpecification\",\"valueRequired\":true,\"valueName\":\"search_term_string\"}}],\"inLanguage\":\"en-US\"},{\"@type\":\"Organization\",\"@id\":\"https:\\\/\\\/kiddyfab.com\\\/#organization\",\"name\":\"KiddyFab\",\"url\":\"https:\\\/\\\/kiddyfab.com\\\/\",\"logo\":{\"@type\":\"ImageObject\",\"inLanguage\":\"en-US\",\"@id\":\"https:\\\/\\\/kiddyfab.com\\\/#\\\/schema\\\/logo\\\/image\\\/\",\"url\":\"https:\\\/\\\/kiddyfab.com\\\/wp-content\\\/uploads\\\/2025\\\/08\\\/Logo-KiddyFab-451.png\",\"contentUrl\":\"https:\\\/\\\/kiddyfab.com\\\/wp-content\\\/uploads\\\/2025\\\/08\\\/Logo-KiddyFab-451.png\",\"width\":451,\"height\":449,\"caption\":\"KiddyFab\"},\"image\":{\"@id\":\"https:\\\/\\\/kiddyfab.com\\\/#\\\/schema\\\/logo\\\/image\\\/\"},\"sameAs\":[\"https:\\\/\\\/www.facebook.com\\\/profile.php?id=61578389677054\"]}]}<\/script>\n<!-- \/ Yoast SEO plugin. -->","yoast_head_json":{"title":"Notice de traitement des donn\u00e9es personnelles - KiddyFab","robots":{"index":"index","follow":"follow","max-snippet":"max-snippet:-1","max-image-preview":"max-image-preview:large","max-video-preview":"max-video-preview:-1"},"canonical":"https:\/\/kiddyfab.com\/index.php\/notice-de-traitement-des-donnees-personnelles\/","og_locale":"en_US","og_type":"article","og_title":"Notice de traitement des donn\u00e9es personnelles - KiddyFab","og_description":"DECOUVRIR INSCRIPTION 09 52 15 86 52 Notice de traitement des donn\u00e9es personnelles En validant votre inscription, vous acceptez que KiddyFab collecte et traite les informations personnelles suivantes : nom, pr\u00e9nom, coordonn\u00e9es, informations li\u00e9es \u00e0 l\u2019enfant (pr\u00e9nom, \u00e2ge) ainsi que vos pr\u00e9f\u00e9rences de contact. Finalit\u00e9s du traitement Ces donn\u00e9es sont utilis\u00e9es exclusivement pour :\u2022la gestion ... Read more","og_url":"https:\/\/kiddyfab.com\/index.php\/notice-de-traitement-des-donnees-personnelles\/","og_site_name":"KiddyFab","article_publisher":"https:\/\/www.facebook.com\/profile.php?id=61578389677054","article_modified_time":"2025-08-24T10:48:06+00:00","og_image":[{"width":161,"height":160,"url":"https:\/\/kiddyfab.com\/wp-content\/uploads\/2025\/07\/Logo-KiddyFab-160.png","type":"image\/png"}],"twitter_card":"summary_large_image","twitter_misc":{"Est. reading time":"1 minute"},"schema":{"@context":"https:\/\/schema.org","@graph":[{"@type":"WebPage","@id":"https:\/\/kiddyfab.com\/index.php\/notice-de-traitement-des-donnees-personnelles\/","url":"https:\/\/kiddyfab.com\/index.php\/notice-de-traitement-des-donnees-personnelles\/","name":"Notice de traitement des donn\u00e9es personnelles - KiddyFab","isPartOf":{"@id":"https:\/\/kiddyfab.com\/#website"},"primaryImageOfPage":{"@id":"https:\/\/kiddyfab.com\/index.php\/notice-de-traitement-des-donnees-personnelles\/#primaryimage"},"image":{"@id":"https:\/\/kiddyfab.com\/index.php\/notice-de-traitement-des-donnees-personnelles\/#primaryimage"},"thumbnailUrl":"https:\/\/kiddyfab.com\/wp-content\/uploads\/2025\/07\/Logo-KiddyFab-160.png","datePublished":"2025-08-22T16:32:02+00:00","dateModified":"2025-08-24T10:48:06+00:00","breadcrumb":{"@id":"https:\/\/kiddyfab.com\/index.php\/notice-de-traitement-des-donnees-personnelles\/#breadcrumb"},"inLanguage":"en-US","potentialAction":[{"@type":"ReadAction","target":["https:\/\/kiddyfab.com\/index.php\/notice-de-traitement-des-donnees-personnelles\/"]}]},{"@type":"ImageObject","inLanguage":"en-US","@id":"https:\/\/kiddyfab.com\/index.php\/notice-de-traitement-des-donnees-personnelles\/#primaryimage","url":"https:\/\/kiddyfab.com\/wp-content\/uploads\/2025\/07\/Logo-KiddyFab-160.png","contentUrl":"https:\/\/kiddyfab.com\/wp-content\/uploads\/2025\/07\/Logo-KiddyFab-160.png","width":161,"height":160,"caption":"Logo KiddyFab"},{"@type":"BreadcrumbList","@id":"https:\/\/kiddyfab.com\/index.php\/notice-de-traitement-des-donnees-personnelles\/#breadcrumb","itemListElement":[{"@type":"ListItem","position":1,"name":"Accueil","item":"https:\/\/kiddyfab.com\/"},{"@type":"ListItem","position":2,"name":"Notice de traitement des donn\u00e9es personnelles"}]},{"@type":"WebSite","@id":"https:\/\/kiddyfab.com\/#website","url":"https:\/\/kiddyfab.com\/","name":"KiddyFab","description":"Le Fab Lab \u00e0 domicile pour les kids !","publisher":{"@id":"https:\/\/kiddyfab.com\/#organization"},"potentialAction":[{"@type":"SearchAction","target":{"@type":"EntryPoint","urlTemplate":"https:\/\/kiddyfab.com\/?s={search_term_string}"},"query-input":{"@type":"PropertyValueSpecification","valueRequired":true,"valueName":"search_term_string"}}],"inLanguage":"en-US"},{"@type":"Organization","@id":"https:\/\/kiddyfab.com\/#organization","name":"KiddyFab","url":"https:\/\/kiddyfab.com\/","logo":{"@type":"ImageObject","inLanguage":"en-US","@id":"https:\/\/kiddyfab.com\/#\/schema\/logo\/image\/","url":"https:\/\/kiddyfab.com\/wp-content\/uploads\/2025\/08\/Logo-KiddyFab-451.png","contentUrl":"https:\/\/kiddyfab.com\/wp-content\/uploads\/2025\/08\/Logo-KiddyFab-451.png","width":451,"height":449,"caption":"KiddyFab"},"image":{"@id":"https:\/\/kiddyfab.com\/#\/schema\/logo\/image\/"},"sameAs":["https:\/\/www.facebook.com\/profile.php?id=61578389677054"]}]}},"_links":{"self":[{"href":"https:\/\/kiddyfab.com\/index.php\/wp-json\/wp\/v2\/pages\/196","targetHints":{"allow":["GET"]}}],"collection":[{"href":"https:\/\/kiddyfab.com\/index.php\/wp-json\/wp\/v2\/pages"}],"about":[{"href":"https:\/\/kiddyfab.com\/index.php\/wp-json\/wp\/v2\/types\/page"}],"author":[{"embeddable":true,"href":"https:\/\/kiddyfab.com\/index.php\/wp-json\/wp\/v2\/users\/1"}],"replies":[{"embeddable":true,"href":"https:\/\/kiddyfab.com\/index.php\/wp-json\/wp\/v2\/comments?post=196"}],"version-history":[{"count":3,"href":"https:\/\/kiddyfab.com\/index.php\/wp-json\/wp\/v2\/pages\/196\/revisions"}],"predecessor-version":[{"id":287,"href":"https:\/\/kiddyfab.com\/index.php\/wp-json\/wp\/v2\/pages\/196\/revisions\/287"}],"wp:attachment":[{"href":"https:\/\/kiddyfab.com\/index.php\/wp-json\/wp\/v2\/media?parent=196"}],"curies":[{"name":"wp","href":"https:\/\/api.w.org\/{rel}","templated":true}]}}