{"id":288,"date":"2025-08-24T17:47:07","date_gmt":"2025-08-24T15:47:07","guid":{"rendered":"https:\/\/kiddyfab.com\/?page_id=288"},"modified":"2025-08-24T17:47:07","modified_gmt":"2025-08-24T15:47:07","slug":"mentions-legales","status":"publish","type":"page","link":"https:\/\/kiddyfab.com\/index.php\/mentions-legales\/","title":{"rendered":"Mentions l\u00e9gales"},"content":{"rendered":"\n<div class=\"gb-element-e49805f3\">\n<div>\n<figure class=\"wp-block-image size-full\"><a href=\"https:\/\/kiddyfab.com\/\"><img loading=\"lazy\" decoding=\"async\" width=\"161\" height=\"160\" src=\"https:\/\/kiddyfab.com\/wp-content\/uploads\/2025\/07\/Logo-KiddyFab-160.png\" alt=\"Logo KiddyFab\" class=\"wp-image-5\" srcset=\"https:\/\/kiddyfab.com\/wp-content\/uploads\/2025\/07\/Logo-KiddyFab-160.png 161w, https:\/\/kiddyfab.com\/wp-content\/uploads\/2025\/07\/Logo-KiddyFab-160-150x150.png 150w\" sizes=\"auto, (max-width: 161px) 100vw, 161px\" \/><\/a><\/figure>\n<\/div>\n\n\n\n<div>\n<a class=\"gb-text gb-text-0ba90ecc\" href=\"https:\/\/kiddyfab.com\/index.php\/decouvrir\/\">DECOUVRIR<\/a>\n<\/div>\n\n\n\n<div>\n<a class=\"gb-text gb-text-9b48f2c2\" href=\"https:\/\/kiddyfab.com\/index.php\/inscription\/\">INSCRIPTION<\/a>\n<\/div>\n\n\n\n<div>\n<a class=\"gb-text gb-text-a37e2c63\" href=\"tel:0952158652\">09 52 15 86 52<\/a>\n<\/div>\n<\/div>\n\n\n\n<h2 class=\"wp-block-heading\">Mentions L\u00e9gales<\/h2>\n\n\n\n<div>\n<h3 class=\"wp-block-heading\">\u00c9diteur du site \/ Responsable de la publication<\/h3>\n\n\n\n<p class=\"gb-text gb-text-f7ff62fb\">Nom de la soci\u00e9t\u00e9 : <strong>KiddyFab \/ S\u00e9bastien Pancher EI. <\/strong><br>N\u00b0 Siret :<strong> 984 370 098 00019<\/strong><br>Si\u00e8ge social : <strong>17 rue Alexandre Antonini 92110 Clichy<\/strong><br>Contact :<strong> info@kiddyfab.com 09 52 15 86 52<\/strong><\/p>\n<\/div>\n\n\n\n<div>\n<h3 class=\"wp-block-heading\">H\u00e9bergeur du site<\/h3>\n\n\n\n<p class=\"gb-text gb-text-550ceeff\">OVH, S.A.S<br>SAS au capital de 50 000 000 \u20ac<br>RCS Lille M\u00e9tropole 424 761 419 00045<br>Code APE : <strong>2620Z<\/strong><br>N\u00b0 TVA : <strong>FR 22 424 761 419<\/strong><br>Si\u00e8ge social :<strong> 2 rue Kellermann &#8211; 59100 Roubaix<\/strong><br><\/p>\n<\/div>\n\n\n\n<div>\n<h3 class=\"wp-block-heading\">Propri\u00e9t\u00e9 Intellectuelle<\/h3>\n\n\n\n<p class=\"gb-text gb-text-0dfc07b1\">L\u2019ensemble des \u00e9l\u00e9ments figurant sur ce site (textes, images, graphismes, logo, vid\u00e9os, ic\u00f4nes, sons, logiciels, etc.) est prot\u00e9g\u00e9 par le droit de la propri\u00e9t\u00e9 intellectuelle.<br>Toute reproduction, repr\u00e9sentation, modification, publication, adaptation totale ou partielle des \u00e9l\u00e9ments du site, quel que soit le moyen ou le proc\u00e9d\u00e9 utilis\u00e9, est interdite sauf autorisation \u00e9crite pr\u00e9alable de l\u2019\u00e9diteur.<\/p>\n<\/div>\n\n\n\n<div>\n<h3 class=\"wp-block-heading\">Donn\u00e9es personnelles<\/h3>\n\n\n\n<p class=\"gb-text gb-text-e486a4d8\">Conform\u00e9ment au R\u00e8glement G\u00e9n\u00e9ral sur la Protection des Donn\u00e9es (RGPD), les informations recueillies via ce site sont trait\u00e9es dans le respect de la l\u00e9gislation en vigueur.<br>Pour plus d\u2019informations sur la gestion des donn\u00e9es personnelles, consultez notre page :<br>\ud83d\udc49 <a href=\"https:\/\/kiddyfab.com\/index.php\/notice-de-traitement-des-donnees-personnelles\/\" data-type=\"page\" data-id=\"196\">Notice de traitement des donn\u00e9es personnelles<\/a>.<\/p>\n<\/div>\n\n\n\n<div>\n<h3 class=\"wp-block-heading\">Cookies<\/h3>\n\n\n\n<p class=\"gb-text gb-text-a82e48d0\">Le site peut utiliser des cookies destin\u00e9s \u00e0 am\u00e9liorer l\u2019exp\u00e9rience utilisateur, mesurer l\u2019audience ou proposer des contenus adapt\u00e9s.<\/p>\n<\/div>\n\n\n\n<div>\n<h3 class=\"wp-block-heading\">Conditions d&#8217;utilisation<\/h3>\n\n\n\n<p class=\"gb-text gb-text-c9eb73dc\">L\u2019utilisation du site implique l\u2019acceptation pleine et enti\u00e8re des conditions g\u00e9n\u00e9rales d\u2019utilisation d\u00e9crites sur cette page.<br>En cas d\u2019inaccessibilit\u00e9 technique, l\u2019\u00e9diteur ne pourra \u00eatre tenu responsable.<br>Si le site propose des services ou produits, l\u2019utilisateur est invit\u00e9 \u00e0 consulter les <a href=\"https:\/\/kiddyfab.com\/index.php\/conditions-generales-de-vente\/\" data-type=\"page\" data-id=\"200\">Conditions g\u00e9n\u00e9rales de vente<\/a>.<\/p>\n<\/div>\n\n\n\n<p><\/p>\n","protected":false},"excerpt":{"rendered":"<p>DECOUVRIR INSCRIPTION 09 52 15 86 52 Mentions L\u00e9gales \u00c9diteur du site \/ Responsable de la publication Nom de la soci\u00e9t\u00e9 : KiddyFab \/ S\u00e9bastien Pancher EI. N\u00b0 Siret : 984 370 098 00019Si\u00e8ge social : 17 rue Alexandre Antonini 92110 ClichyContact : info@kiddyfab.com 09 52 15 86 52 H\u00e9bergeur du site OVH, S.A.SSAS au &#8230; <a title=\"Mentions l\u00e9gales\" class=\"read-more\" href=\"https:\/\/kiddyfab.com\/index.php\/mentions-legales\/\" aria-label=\"Read more about Mentions l\u00e9gales\">Read more<\/a><\/p>\n","protected":false},"author":1,"featured_media":0,"parent":0,"menu_order":0,"comment_status":"closed","ping_status":"closed","template":"","meta":{"footnotes":""},"class_list":["post-288","page","type-page","status-publish"],"yoast_head":"<!-- This site is optimized with the Yoast SEO plugin v27.3 - https:\/\/yoast.com\/product\/yoast-seo-wordpress\/ -->\n<title>Mentions l\u00e9gales - KiddyFab<\/title>\n<meta name=\"robots\" content=\"index, follow, max-snippet:-1, max-image-preview:large, max-video-preview:-1\" \/>\n<link rel=\"canonical\" href=\"https:\/\/kiddyfab.com\/index.php\/mentions-legales\/\" \/>\n<meta property=\"og:locale\" content=\"en_US\" \/>\n<meta property=\"og:type\" content=\"article\" \/>\n<meta property=\"og:title\" content=\"Mentions l\u00e9gales - KiddyFab\" \/>\n<meta property=\"og:description\" content=\"DECOUVRIR INSCRIPTION 09 52 15 86 52 Mentions L\u00e9gales \u00c9diteur du site \/ Responsable de la publication Nom de la soci\u00e9t\u00e9 : KiddyFab \/ S\u00e9bastien Pancher EI. N\u00b0 Siret : 984 370 098 00019Si\u00e8ge social : 17 rue Alexandre Antonini 92110 ClichyContact : info@kiddyfab.com 09 52 15 86 52 H\u00e9bergeur du site OVH, S.A.SSAS au ... Read more\" \/>\n<meta property=\"og:url\" content=\"https:\/\/kiddyfab.com\/index.php\/mentions-legales\/\" \/>\n<meta property=\"og:site_name\" content=\"KiddyFab\" \/>\n<meta property=\"article:publisher\" content=\"https:\/\/www.facebook.com\/profile.php?id=61578389677054\" \/>\n<meta property=\"og:image\" content=\"https:\/\/kiddyfab.com\/wp-content\/uploads\/2025\/07\/Logo-KiddyFab-160.png\" \/>\n\t<meta property=\"og:image:width\" content=\"161\" \/>\n\t<meta property=\"og:image:height\" content=\"160\" \/>\n\t<meta property=\"og:image:type\" content=\"image\/png\" \/>\n<meta name=\"twitter:card\" content=\"summary_large_image\" \/>\n<meta name=\"twitter:label1\" content=\"Est. reading time\" \/>\n\t<meta name=\"twitter:data1\" content=\"1 minute\" \/>\n<script type=\"application\/ld+json\" class=\"yoast-schema-graph\">{\"@context\":\"https:\\\/\\\/schema.org\",\"@graph\":[{\"@type\":\"WebPage\",\"@id\":\"https:\\\/\\\/kiddyfab.com\\\/index.php\\\/mentions-legales\\\/\",\"url\":\"https:\\\/\\\/kiddyfab.com\\\/index.php\\\/mentions-legales\\\/\",\"name\":\"Mentions l\u00e9gales - KiddyFab\",\"isPartOf\":{\"@id\":\"https:\\\/\\\/kiddyfab.com\\\/#website\"},\"primaryImageOfPage\":{\"@id\":\"https:\\\/\\\/kiddyfab.com\\\/index.php\\\/mentions-legales\\\/#primaryimage\"},\"image\":{\"@id\":\"https:\\\/\\\/kiddyfab.com\\\/index.php\\\/mentions-legales\\\/#primaryimage\"},\"thumbnailUrl\":\"https:\\\/\\\/kiddyfab.com\\\/wp-content\\\/uploads\\\/2025\\\/07\\\/Logo-KiddyFab-160.png\",\"datePublished\":\"2025-08-24T15:47:07+00:00\",\"breadcrumb\":{\"@id\":\"https:\\\/\\\/kiddyfab.com\\\/index.php\\\/mentions-legales\\\/#breadcrumb\"},\"inLanguage\":\"en-US\",\"potentialAction\":[{\"@type\":\"ReadAction\",\"target\":[\"https:\\\/\\\/kiddyfab.com\\\/index.php\\\/mentions-legales\\\/\"]}]},{\"@type\":\"ImageObject\",\"inLanguage\":\"en-US\",\"@id\":\"https:\\\/\\\/kiddyfab.com\\\/index.php\\\/mentions-legales\\\/#primaryimage\",\"url\":\"https:\\\/\\\/kiddyfab.com\\\/wp-content\\\/uploads\\\/2025\\\/07\\\/Logo-KiddyFab-160.png\",\"contentUrl\":\"https:\\\/\\\/kiddyfab.com\\\/wp-content\\\/uploads\\\/2025\\\/07\\\/Logo-KiddyFab-160.png\",\"width\":161,\"height\":160,\"caption\":\"Logo KiddyFab\"},{\"@type\":\"BreadcrumbList\",\"@id\":\"https:\\\/\\\/kiddyfab.com\\\/index.php\\\/mentions-legales\\\/#breadcrumb\",\"itemListElement\":[{\"@type\":\"ListItem\",\"position\":1,\"name\":\"Accueil\",\"item\":\"https:\\\/\\\/kiddyfab.com\\\/\"},{\"@type\":\"ListItem\",\"position\":2,\"name\":\"Mentions l\u00e9gales\"}]},{\"@type\":\"WebSite\",\"@id\":\"https:\\\/\\\/kiddyfab.com\\\/#website\",\"url\":\"https:\\\/\\\/kiddyfab.com\\\/\",\"name\":\"KiddyFab\",\"description\":\"Le Fab Lab \u00e0 domicile pour les kids !\",\"publisher\":{\"@id\":\"https:\\\/\\\/kiddyfab.com\\\/#organization\"},\"potentialAction\":[{\"@type\":\"SearchAction\",\"target\":{\"@type\":\"EntryPoint\",\"urlTemplate\":\"https:\\\/\\\/kiddyfab.com\\\/?s={search_term_string}\"},\"query-input\":{\"@type\":\"PropertyValueSpecification\",\"valueRequired\":true,\"valueName\":\"search_term_string\"}}],\"inLanguage\":\"en-US\"},{\"@type\":\"Organization\",\"@id\":\"https:\\\/\\\/kiddyfab.com\\\/#organization\",\"name\":\"KiddyFab\",\"url\":\"https:\\\/\\\/kiddyfab.com\\\/\",\"logo\":{\"@type\":\"ImageObject\",\"inLanguage\":\"en-US\",\"@id\":\"https:\\\/\\\/kiddyfab.com\\\/#\\\/schema\\\/logo\\\/image\\\/\",\"url\":\"https:\\\/\\\/kiddyfab.com\\\/wp-content\\\/uploads\\\/2025\\\/08\\\/Logo-KiddyFab-451.png\",\"contentUrl\":\"https:\\\/\\\/kiddyfab.com\\\/wp-content\\\/uploads\\\/2025\\\/08\\\/Logo-KiddyFab-451.png\",\"width\":451,\"height\":449,\"caption\":\"KiddyFab\"},\"image\":{\"@id\":\"https:\\\/\\\/kiddyfab.com\\\/#\\\/schema\\\/logo\\\/image\\\/\"},\"sameAs\":[\"https:\\\/\\\/www.facebook.com\\\/profile.php?id=61578389677054\"]}]}<\/script>\n<!-- \/ Yoast SEO plugin. -->","yoast_head_json":{"title":"Mentions l\u00e9gales - KiddyFab","robots":{"index":"index","follow":"follow","max-snippet":"max-snippet:-1","max-image-preview":"max-image-preview:large","max-video-preview":"max-video-preview:-1"},"canonical":"https:\/\/kiddyfab.com\/index.php\/mentions-legales\/","og_locale":"en_US","og_type":"article","og_title":"Mentions l\u00e9gales - KiddyFab","og_description":"DECOUVRIR INSCRIPTION 09 52 15 86 52 Mentions L\u00e9gales \u00c9diteur du site \/ Responsable de la publication Nom de la soci\u00e9t\u00e9 : KiddyFab \/ S\u00e9bastien Pancher EI. N\u00b0 Siret : 984 370 098 00019Si\u00e8ge social : 17 rue Alexandre Antonini 92110 ClichyContact : info@kiddyfab.com 09 52 15 86 52 H\u00e9bergeur du site OVH, S.A.SSAS au ... Read more","og_url":"https:\/\/kiddyfab.com\/index.php\/mentions-legales\/","og_site_name":"KiddyFab","article_publisher":"https:\/\/www.facebook.com\/profile.php?id=61578389677054","og_image":[{"width":161,"height":160,"url":"https:\/\/kiddyfab.com\/wp-content\/uploads\/2025\/07\/Logo-KiddyFab-160.png","type":"image\/png"}],"twitter_card":"summary_large_image","twitter_misc":{"Est. reading time":"1 minute"},"schema":{"@context":"https:\/\/schema.org","@graph":[{"@type":"WebPage","@id":"https:\/\/kiddyfab.com\/index.php\/mentions-legales\/","url":"https:\/\/kiddyfab.com\/index.php\/mentions-legales\/","name":"Mentions l\u00e9gales - KiddyFab","isPartOf":{"@id":"https:\/\/kiddyfab.com\/#website"},"primaryImageOfPage":{"@id":"https:\/\/kiddyfab.com\/index.php\/mentions-legales\/#primaryimage"},"image":{"@id":"https:\/\/kiddyfab.com\/index.php\/mentions-legales\/#primaryimage"},"thumbnailUrl":"https:\/\/kiddyfab.com\/wp-content\/uploads\/2025\/07\/Logo-KiddyFab-160.png","datePublished":"2025-08-24T15:47:07+00:00","breadcrumb":{"@id":"https:\/\/kiddyfab.com\/index.php\/mentions-legales\/#breadcrumb"},"inLanguage":"en-US","potentialAction":[{"@type":"ReadAction","target":["https:\/\/kiddyfab.com\/index.php\/mentions-legales\/"]}]},{"@type":"ImageObject","inLanguage":"en-US","@id":"https:\/\/kiddyfab.com\/index.php\/mentions-legales\/#primaryimage","url":"https:\/\/kiddyfab.com\/wp-content\/uploads\/2025\/07\/Logo-KiddyFab-160.png","contentUrl":"https:\/\/kiddyfab.com\/wp-content\/uploads\/2025\/07\/Logo-KiddyFab-160.png","width":161,"height":160,"caption":"Logo KiddyFab"},{"@type":"BreadcrumbList","@id":"https:\/\/kiddyfab.com\/index.php\/mentions-legales\/#breadcrumb","itemListElement":[{"@type":"ListItem","position":1,"name":"Accueil","item":"https:\/\/kiddyfab.com\/"},{"@type":"ListItem","position":2,"name":"Mentions l\u00e9gales"}]},{"@type":"WebSite","@id":"https:\/\/kiddyfab.com\/#website","url":"https:\/\/kiddyfab.com\/","name":"KiddyFab","description":"Le Fab Lab \u00e0 domicile pour les kids !","publisher":{"@id":"https:\/\/kiddyfab.com\/#organization"},"potentialAction":[{"@type":"SearchAction","target":{"@type":"EntryPoint","urlTemplate":"https:\/\/kiddyfab.com\/?s={search_term_string}"},"query-input":{"@type":"PropertyValueSpecification","valueRequired":true,"valueName":"search_term_string"}}],"inLanguage":"en-US"},{"@type":"Organization","@id":"https:\/\/kiddyfab.com\/#organization","name":"KiddyFab","url":"https:\/\/kiddyfab.com\/","logo":{"@type":"ImageObject","inLanguage":"en-US","@id":"https:\/\/kiddyfab.com\/#\/schema\/logo\/image\/","url":"https:\/\/kiddyfab.com\/wp-content\/uploads\/2025\/08\/Logo-KiddyFab-451.png","contentUrl":"https:\/\/kiddyfab.com\/wp-content\/uploads\/2025\/08\/Logo-KiddyFab-451.png","width":451,"height":449,"caption":"KiddyFab"},"image":{"@id":"https:\/\/kiddyfab.com\/#\/schema\/logo\/image\/"},"sameAs":["https:\/\/www.facebook.com\/profile.php?id=61578389677054"]}]}},"_links":{"self":[{"href":"https:\/\/kiddyfab.com\/index.php\/wp-json\/wp\/v2\/pages\/288","targetHints":{"allow":["GET"]}}],"collection":[{"href":"https:\/\/kiddyfab.com\/index.php\/wp-json\/wp\/v2\/pages"}],"about":[{"href":"https:\/\/kiddyfab.com\/index.php\/wp-json\/wp\/v2\/types\/page"}],"author":[{"embeddable":true,"href":"https:\/\/kiddyfab.com\/index.php\/wp-json\/wp\/v2\/users\/1"}],"replies":[{"embeddable":true,"href":"https:\/\/kiddyfab.com\/index.php\/wp-json\/wp\/v2\/comments?post=288"}],"version-history":[{"count":4,"href":"https:\/\/kiddyfab.com\/index.php\/wp-json\/wp\/v2\/pages\/288\/revisions"}],"predecessor-version":[{"id":292,"href":"https:\/\/kiddyfab.com\/index.php\/wp-json\/wp\/v2\/pages\/288\/revisions\/292"}],"wp:attachment":[{"href":"https:\/\/kiddyfab.com\/index.php\/wp-json\/wp\/v2\/media?parent=288"}],"curies":[{"name":"wp","href":"https:\/\/api.w.org\/{rel}","templated":true}]}}